{"id":15,"date":"2021-03-07T15:54:00","date_gmt":"2021-03-07T14:54:00","guid":{"rendered":"https:\/\/projet-istep.hd.free.fr\/?page_id=15"},"modified":"2021-10-10T14:49:35","modified_gmt":"2021-10-10T12:49:35","slug":"presentation-de-la-mission","status":"publish","type":"page","link":"https:\/\/projets-istep.eu\/?page_id=15","title":{"rendered":"La Mission ALBACORE"},"content":{"rendered":"\n<div class=\"wp-block-image\"><figure class=\"alignright size-large is-resized\"><img loading=\"lazy\" decoding=\"async\" src=\"https:\/\/i2.wp.com\/projets-istep.eu\/wp-content\/uploads\/2021\/09\/Logo-Albacore.png?resize=221%2C145&#038;ssl=1\" alt=\"\" class=\"wp-image-69\" width=\"221\" height=\"145\" srcset=\"https:\/\/i2.wp.com\/projets-istep.eu\/wp-content\/uploads\/2021\/09\/Logo-Albacore.png?resize=1024%2C671&amp;ssl=1 1024w, https:\/\/i2.wp.com\/projets-istep.eu\/wp-content\/uploads\/2021\/09\/Logo-Albacore.png?resize=300%2C196&amp;ssl=1 300w, https:\/\/i2.wp.com\/projets-istep.eu\/wp-content\/uploads\/2021\/09\/Logo-Albacore.png?resize=768%2C503&amp;ssl=1 768w, https:\/\/i2.wp.com\/projets-istep.eu\/wp-content\/uploads\/2021\/09\/Logo-Albacore.png?resize=177%2C116&amp;ssl=1 177w, https:\/\/i2.wp.com\/projets-istep.eu\/wp-content\/uploads\/2021\/09\/Logo-Albacore.png?w=1046&amp;ssl=1 1046w\" sizes=\"auto, (max-width: 221px) 100vw, 221px\" data-recalc-dims=\"1\" \/><\/figure><\/div>\n\n\n\n<p class=\"has-medium-font-size\">Les responsables de la mission sont Elia d&rsquo;ACREMONT (Prof. Sorbonne Universit\u00e9) et Sara LAFUERZA (Maitre de Conf\u00e9rences Sorbonne Universit\u00e9). Toutes deux travaillent \u00e0 l&rsquo;ISTeP, Institut des Sciences de la Terre de Paris.<\/p>\n\n\n\n<p class=\"has-medium-font-size\">La mission \u00ab&nbsp;Albacore&nbsp;\u00bb est une campagne qui va s\u2019\u00e9tendre du 15\/10\/2021 au 15\/11\/2021, au d\u00e9part de La Seyne-sur-Mer. Trois jours de transit seront n\u00e9cessaires pour rejoindre la zone d&rsquo;\u00e9tude.<\/p>\n\n\n\n<p class=\"has-medium-font-size\">L\u2019objectif de la mission est <strong>d\u2019explorer la zone d\u2019Alboran<\/strong> dont l\u2019histoire tectono-s\u00e9dimentaire bien mieux contrainte depuis 10 ann\u00e9es constitue un laboratoire d\u2019exception pour l\u2019\u00e9tude in situ de la r\u00e9activation des bassins localis\u00e9s \u00e0 la fronti\u00e8re de plaques. <\/p>\n\n\n\n<p class=\"has-text-align-left has-medium-font-size\">Le bassin d\u2019Alboran s\u2019est form\u00e9 lors d\u2019un \u00e9pisode extensif Oligo-Mioc\u00e8ne contr\u00f4l\u00e9 par le retrait du panneau plongeant Ouest M\u00e9diterran\u00e9en, puis a subi une inversion tectonique depuis la fin du Mioc\u00e8ne sous l\u2019effet de la convergence Afrique-Europe. <\/p>\n\n\n\n<p class=\"has-text-align-left has-medium-font-size\">En mer d\u2019Alboran, de nombreuses manifestations fonds de mer sont li\u00e9es aux interactions entre des syst\u00e8mes s\u00e9dimentaires vari\u00e9s (s\u00e9dimentation-\u00e9rosion), les variations glacio-eustatiques et une structuration tectonique active. Les bancs de Xauen\/Tofino, de Francesc Pages et la Ride d\u2019Alboran, les zones sismiquement actives comme la zone de faille de Al Idrissi et la Baie d\u2019Al Hoceima au large du Maroc, ont \u00e9t\u00e9 s\u00e9lectionn\u00e9s comme zones d\u2019\u00e9tude car elles ont enregistr\u00e9 l\u2019ensemble des d\u00e9formations du bassin Sud Alboran depuis 8 millions d\u2019ann\u00e9es. La taille modeste de ce bassin et ses connexions avec l\u2019oc\u00e9an mondial r\u00e9duites depuis 6 millions d\u2019ann\u00e9es permettent de mieux contraindre les processus en action lors de l\u2019interaction entre les courants de contour de m\u00e9diterran\u00e9e, les syst\u00e8mes gravitaires au sens large et les hauts structuraux en formation depuis le Tortonien-Messinien. L\u2019objectif de ce projet est d\u2019acqu\u00e9rir des donn\u00e9es de carottage en mer d\u2019Alboran sur diff\u00e9rents syst\u00e8mes s\u00e9dimentaires, et zones de tectoniques actives afin de r\u00e9aliser une \u00e9tude int\u00e9gr\u00e9e des interactions entre les syst\u00e8mes s\u00e9dimentaires, l\u2019activit\u00e9 tectonique plioc\u00e8ne-quaternaire et les variations du niveau marin. <\/p>\n\n\n\n<p class=\"has-text-align-left has-medium-font-size\">Depuis 5 millions d\u2019ann\u00e9es les failles actives et les plis de croissance ont un contr\u00f4le sur les circulations des masses d\u2019eau enregistr\u00e9es dans les d\u00e9p\u00f4ts de contourites. Les variations du niveau de la mer contr\u00f4lent les interfaces entre ces masses d\u2019eau. L\u2019ensemble des processus de d\u00e9p\u00f4ts (contourites, turbidites) et d\u2019\u00e9rosions (terrasses marines) enregistrent ces interactions entre processus s\u00e9dimentaires et tectonique active.<\/p>\n\n\n\n<p class=\"has-text-align-left has-medium-font-size\">Les diff\u00e9rentes exp\u00e9riences que nous m\u00e8nerons seront multiples.<\/p>\n\n\n\n<p class=\"has-text-align-left has-medium-font-size\"> Les carottages Calypso, gravit\u00e9, pr\u00e9l\u00e8vement CNexo-Ville, mesures in situ g\u00e9otechniques avec le Penfeld, et dragages nous permettront de quantifier les mouvements verticaux de la marge sud, d\u2019obtenir un meilleur contr\u00f4le chrono-stratigraphique des structures actives, une caract\u00e9risation m\u00e9canique de la couverture s\u00e9dimentaire et l\u2019analyse de la stabilit\u00e9 de pentes actuelles et de contraindre l\u2019\u00e9volution pal\u00e9o-oc\u00e9anographique de la Mer d\u2019Alboran depuis le Plioc\u00e8ne.<\/p>\n\n\n\n<figure class=\"wp-block-image size-large\"><img loading=\"lazy\" decoding=\"async\" width=\"1024\" height=\"595\" src=\"https:\/\/i0.wp.com\/projets-istep.eu\/wp-content\/uploads\/2021\/10\/ALBACORE_Sites-1.jpg?resize=1024%2C595&#038;ssl=1\" alt=\"\" class=\"wp-image-148\" srcset=\"https:\/\/i0.wp.com\/projets-istep.eu\/wp-content\/uploads\/2021\/10\/ALBACORE_Sites-1.jpg?resize=1024%2C595&amp;ssl=1 1024w, https:\/\/i0.wp.com\/projets-istep.eu\/wp-content\/uploads\/2021\/10\/ALBACORE_Sites-1.jpg?resize=300%2C174&amp;ssl=1 300w, https:\/\/i0.wp.com\/projets-istep.eu\/wp-content\/uploads\/2021\/10\/ALBACORE_Sites-1.jpg?resize=768%2C446&amp;ssl=1 768w, https:\/\/i0.wp.com\/projets-istep.eu\/wp-content\/uploads\/2021\/10\/ALBACORE_Sites-1.jpg?resize=1536%2C892&amp;ssl=1 1536w, https:\/\/i0.wp.com\/projets-istep.eu\/wp-content\/uploads\/2021\/10\/ALBACORE_Sites-1.jpg?resize=200%2C116&amp;ssl=1 200w, https:\/\/i0.wp.com\/projets-istep.eu\/wp-content\/uploads\/2021\/10\/ALBACORE_Sites-1.jpg?w=1772&amp;ssl=1 1772w\" sizes=\"auto, (max-width: 1000px) 100vw, 1000px\" data-recalc-dims=\"1\" \/><figcaption><em><span class=\"has-inline-color has-vivid-cyan-blue-color\">Plan de position propos\u00e9<\/span><\/em><\/figcaption><\/figure>\n\n\n\n<p class=\"has-text-align-left has-medium-font-size\">A terme une meilleure compr\u00e9hension des al\u00e9as naturels (tremblements de terre, glissements de terrain et tsunamis) constitue un des objectifs de ce projet.&nbsp;<\/p>\n\n\n\n<p class=\"has-text-align-left has-medium-font-size\"><\/p>\n","protected":false},"excerpt":{"rendered":"<p>Les responsables de la mission sont Elia d&rsquo;ACREMONT (Prof. Sorbonne Universit\u00e9) et Sara LAFUERZA (Maitre de Conf\u00e9rences Sorbonne Universit\u00e9). Toutes deux travaillent \u00e0 l&rsquo;ISTeP, Institut des Sciences de la Terre de Paris. La mission \u00ab&nbsp;Albacore&nbsp;\u00bb est une campagne qui va s\u2019\u00e9tendre du 15\/10\/2021 au 15\/11\/2021, au d\u00e9part de La Seyne-sur-Mer. Trois jours de transit seront [&hellip;]<\/p>\n","protected":false},"author":2,"featured_media":0,"parent":0,"menu_order":0,"comment_status":"closed","ping_status":"closed","template":"","meta":{"spay_email":"","footnotes":""},"class_list":["post-15","page","type-page","status-publish","hentry"],"_links":{"self":[{"href":"https:\/\/projets-istep.eu\/index.php?rest_route=\/wp\/v2\/pages\/15","targetHints":{"allow":["GET"]}}],"collection":[{"href":"https:\/\/projets-istep.eu\/index.php?rest_route=\/wp\/v2\/pages"}],"about":[{"href":"https:\/\/projets-istep.eu\/index.php?rest_route=\/wp\/v2\/types\/page"}],"author":[{"embeddable":true,"href":"https:\/\/projets-istep.eu\/index.php?rest_route=\/wp\/v2\/users\/2"}],"replies":[{"embeddable":true,"href":"https:\/\/projets-istep.eu\/index.php?rest_route=%2Fwp%2Fv2%2Fcomments&post=15"}],"version-history":[{"count":19,"href":"https:\/\/projets-istep.eu\/index.php?rest_route=\/wp\/v2\/pages\/15\/revisions"}],"predecessor-version":[{"id":171,"href":"https:\/\/projets-istep.eu\/index.php?rest_route=\/wp\/v2\/pages\/15\/revisions\/171"}],"wp:attachment":[{"href":"https:\/\/projets-istep.eu\/index.php?rest_route=%2Fwp%2Fv2%2Fmedia&parent=15"}],"curies":[{"name":"wp","href":"https:\/\/api.w.org\/{rel}","templated":true}]}}