{"id":25,"date":"2021-04-21T21:58:59","date_gmt":"2021-04-21T19:58:59","guid":{"rendered":"https:\/\/projet-istep.hd.free.fr\/?page_id=25"},"modified":"2021-10-22T17:48:21","modified_gmt":"2021-10-22T15:48:21","slug":"les-partenaires","status":"publish","type":"page","link":"https:\/\/projets-istep.eu\/?page_id=25","title":{"rendered":"Les Partenaires"},"content":{"rendered":"\n<div class=\"wp-block-image\"><figure class=\"alignleft size-large is-resized\"><img loading=\"lazy\" decoding=\"async\" src=\"https:\/\/projets-istep.eu\/wp-content\/uploads\/2021\/09\/logo_ISTEP_EarthSciences-2018-1024x339.png\" alt=\"\" class=\"wp-image-77\" width=\"235\" height=\"78\" srcset=\"https:\/\/projets-istep.eu\/wp-content\/uploads\/2021\/09\/logo_ISTEP_EarthSciences-2018-1024x339.png 1024w, https:\/\/projets-istep.eu\/wp-content\/uploads\/2021\/09\/logo_ISTEP_EarthSciences-2018-300x99.png 300w, https:\/\/projets-istep.eu\/wp-content\/uploads\/2021\/09\/logo_ISTEP_EarthSciences-2018-768x254.png 768w, https:\/\/projets-istep.eu\/wp-content\/uploads\/2021\/09\/logo_ISTEP_EarthSciences-2018-228x76.png 228w, https:\/\/projets-istep.eu\/wp-content\/uploads\/2021\/09\/logo_ISTEP_EarthSciences-2018.png 1126w\" sizes=\"auto, (max-width: 235px) 100vw, 235px\" \/><\/figure><\/div>\n\n\n\n<p class=\"has-text-align-left has-medium-font-size\">       Outre l&rsquo;ISTeP Sorbonne Universit\u00e9-CNRS-INSU, le projet ANR ALBAMAR et la campagne ALBACORE de la Flotte Oc\u00e9anographique Fran\u00e7aise sollicitent de nombreux partenaires nationaux et internationaux.<\/p>\n\n\n\n<p><\/p>\n\n\n\n<p><em>Les photos sont de Yevgeniya Sheremet et S. Leroy. <\/em><\/p>\n\n\n\n<p><em>Les textes sont de S. Leroy et Anne-Marie Duval<\/em><\/p>\n\n\n\n<h2 class=\"wp-block-heading\">Espagnols <\/h2>\n\n\n\n<div class=\"wp-block-columns is-layout-flex wp-container-core-columns-is-layout-9d6595d7 wp-block-columns-is-layout-flex\">\n<div class=\"wp-block-column is-layout-flow wp-block-column-is-layout-flow\" style=\"flex-basis:100%\">\n<div class=\"wp-block-columns are-vertically-aligned-center is-layout-flex wp-container-core-columns-is-layout-9d6595d7 wp-block-columns-is-layout-flex\">\n<div class=\"wp-block-column is-vertically-aligned-center is-layout-flow wp-block-column-is-layout-flow\">\n<div class=\"wp-block-image\"><figure class=\"aligncenter size-medium\"><img loading=\"lazy\" decoding=\"async\" width=\"300\" height=\"91\" src=\"https:\/\/projets-istep.eu\/wp-content\/uploads\/2021\/04\/image-7-300x91.png\" alt=\"\" class=\"wp-image-33\" srcset=\"https:\/\/projets-istep.eu\/wp-content\/uploads\/2021\/04\/image-7-300x91.png 300w, https:\/\/projets-istep.eu\/wp-content\/uploads\/2021\/04\/image-7-1024x310.png 1024w, https:\/\/projets-istep.eu\/wp-content\/uploads\/2021\/04\/image-7-768x232.png 768w, https:\/\/projets-istep.eu\/wp-content\/uploads\/2021\/04\/image-7-228x69.png 228w, https:\/\/projets-istep.eu\/wp-content\/uploads\/2021\/04\/image-7.png 1230w\" sizes=\"auto, (max-width: 300px) 100vw, 300px\" \/><\/figure><\/div>\n<\/div>\n\n\n\n<div class=\"wp-block-column is-vertically-aligned-center is-layout-flow wp-block-column-is-layout-flow\">\n<div class=\"wp-block-image\"><figure class=\"aligncenter size-medium\"><a href=\"https:\/\/www.icm.csic.es\/en\/research-group\/continental-margins-group\" target=\"_blank\" rel=\"noopener\"><img loading=\"lazy\" decoding=\"async\" width=\"300\" height=\"92\" src=\"https:\/\/projets-istep.eu\/wp-content\/uploads\/2021\/04\/image-8-300x92.png\" alt=\"\" class=\"wp-image-34\" srcset=\"https:\/\/projets-istep.eu\/wp-content\/uploads\/2021\/04\/image-8-300x92.png 300w, https:\/\/projets-istep.eu\/wp-content\/uploads\/2021\/04\/image-8-1024x315.png 1024w, https:\/\/projets-istep.eu\/wp-content\/uploads\/2021\/04\/image-8-768x236.png 768w, https:\/\/projets-istep.eu\/wp-content\/uploads\/2021\/04\/image-8-1536x473.png 1536w, https:\/\/projets-istep.eu\/wp-content\/uploads\/2021\/04\/image-8-228x70.png 228w, https:\/\/projets-istep.eu\/wp-content\/uploads\/2021\/04\/image-8.png 1598w\" sizes=\"auto, (max-width: 300px) 100vw, 300px\" \/><\/a><\/figure><\/div>\n<\/div>\n\n\n\n<div class=\"wp-block-column is-vertically-aligned-center is-layout-flow wp-block-column-is-layout-flow\">\n<div class=\"wp-block-image\"><figure class=\"aligncenter size-medium\"><a href=\"http:\/\/www.ieo.es\/es\/\" target=\"_blank\" rel=\"noopener\"><img loading=\"lazy\" decoding=\"async\" width=\"300\" height=\"119\" src=\"https:\/\/projets-istep.eu\/wp-content\/uploads\/2021\/04\/image-9-300x119.png\" alt=\"\" class=\"wp-image-35\" srcset=\"https:\/\/projets-istep.eu\/wp-content\/uploads\/2021\/04\/image-9-300x119.png 300w, https:\/\/projets-istep.eu\/wp-content\/uploads\/2021\/04\/image-9-768x305.png 768w, https:\/\/projets-istep.eu\/wp-content\/uploads\/2021\/04\/image-9-228x91.png 228w, https:\/\/projets-istep.eu\/wp-content\/uploads\/2021\/04\/image-9.png 906w\" sizes=\"auto, (max-width: 300px) 100vw, 300px\" \/><\/a><\/figure><\/div>\n<\/div>\n<\/div>\n<\/div>\n<\/div>\n\n\n\n<div class=\"wp-block-columns are-vertically-aligned-center is-layout-flex wp-container-core-columns-is-layout-9d6595d7 wp-block-columns-is-layout-flex\">\n<div class=\"wp-block-column is-vertically-aligned-center is-layout-flow wp-block-column-is-layout-flow\"><\/div>\n\n\n\n<div class=\"wp-block-column is-vertically-aligned-center is-layout-flow wp-block-column-is-layout-flow\">\n<div class=\"wp-block-image\"><figure class=\"aligncenter size-medium\"><a href=\"https:\/\/www.ub.edu\/web\/portal\/en\/\" target=\"_blank\" rel=\"noopener\"><img loading=\"lazy\" decoding=\"async\" width=\"300\" height=\"82\" src=\"https:\/\/projets-istep.eu\/wp-content\/uploads\/2021\/04\/image-11-300x82.png\" alt=\"\" class=\"wp-image-40\" srcset=\"https:\/\/projets-istep.eu\/wp-content\/uploads\/2021\/04\/image-11-300x82.png 300w, https:\/\/projets-istep.eu\/wp-content\/uploads\/2021\/04\/image-11-768x210.png 768w, https:\/\/projets-istep.eu\/wp-content\/uploads\/2021\/04\/image-11-228x62.png 228w, https:\/\/projets-istep.eu\/wp-content\/uploads\/2021\/04\/image-11.png 870w\" sizes=\"auto, (max-width: 300px) 100vw, 300px\" \/><\/a><\/figure><\/div>\n<\/div>\n<\/div>\n\n\n\n<hr class=\"wp-block-separator\"\/>\n\n\n\n<h2 class=\"wp-block-heading\">Marocains<\/h2>\n\n\n\n<div class=\"wp-block-columns are-vertically-aligned-center is-layout-flex wp-container-core-columns-is-layout-9d6595d7 wp-block-columns-is-layout-flex\">\n<div class=\"wp-block-column is-vertically-aligned-center is-layout-flow wp-block-column-is-layout-flow\">\n<div class=\"wp-block-image\"><figure class=\"aligncenter size-medium\"><a href=\"http:\/\/www.uae.ma\/website\/fr#\" target=\"_blank\" rel=\"noopener\"><img loading=\"lazy\" decoding=\"async\" width=\"300\" height=\"157\" src=\"https:\/\/projets-istep.eu\/wp-content\/uploads\/2021\/04\/image-12-300x157.png\" alt=\"\" class=\"wp-image-43\" srcset=\"https:\/\/projets-istep.eu\/wp-content\/uploads\/2021\/04\/image-12-300x157.png 300w, https:\/\/projets-istep.eu\/wp-content\/uploads\/2021\/04\/image-12-1024x536.png 1024w, https:\/\/projets-istep.eu\/wp-content\/uploads\/2021\/04\/image-12-768x402.png 768w, https:\/\/projets-istep.eu\/wp-content\/uploads\/2021\/04\/image-12-222x116.png 222w, https:\/\/projets-istep.eu\/wp-content\/uploads\/2021\/04\/image-12.png 1200w\" sizes=\"auto, (max-width: 300px) 100vw, 300px\" \/><\/a><\/figure><\/div>\n<\/div>\n\n\n\n<div class=\"wp-block-column is-vertically-aligned-center is-layout-flow wp-block-column-is-layout-flow\">\n<div class=\"wp-block-image\"><figure class=\"aligncenter size-medium\"><a href=\"http:\/\/www.ump.ma\/fr\/laboratoires-sciences-et-techniques\/faculte-des-sciences-fs\" target=\"_blank\" rel=\"noopener\"><img loading=\"lazy\" decoding=\"async\" width=\"243\" height=\"300\" src=\"https:\/\/projets-istep.eu\/wp-content\/uploads\/2021\/04\/image-13-243x300.png\" alt=\"\" class=\"wp-image-44\" srcset=\"https:\/\/projets-istep.eu\/wp-content\/uploads\/2021\/04\/image-13-243x300.png 243w, https:\/\/projets-istep.eu\/wp-content\/uploads\/2021\/04\/image-13-94x116.png 94w, https:\/\/projets-istep.eu\/wp-content\/uploads\/2021\/04\/image-13.png 350w\" sizes=\"auto, (max-width: 243px) 100vw, 243px\" \/><\/a><\/figure><\/div>\n<\/div>\n\n\n\n<div class=\"wp-block-column is-vertically-aligned-center is-layout-flow wp-block-column-is-layout-flow\">\n<div class=\"wp-block-image\"><figure class=\"aligncenter size-medium\"><a href=\"http:\/\/www.fsr.ac.ma\/\" target=\"_blank\" rel=\"noopener\"><img loading=\"lazy\" decoding=\"async\" width=\"300\" height=\"90\" src=\"https:\/\/projets-istep.eu\/wp-content\/uploads\/2021\/04\/image-14-300x90.png\" alt=\"\" class=\"wp-image-45\" srcset=\"https:\/\/projets-istep.eu\/wp-content\/uploads\/2021\/04\/image-14-300x90.png 300w, https:\/\/projets-istep.eu\/wp-content\/uploads\/2021\/04\/image-14-228x68.png 228w, https:\/\/projets-istep.eu\/wp-content\/uploads\/2021\/04\/image-14.png 622w\" sizes=\"auto, (max-width: 300px) 100vw, 300px\" \/><\/a><\/figure><\/div>\n<\/div>\n<\/div>\n\n\n\n<hr class=\"wp-block-separator\"\/>\n\n\n\n<h2 class=\"wp-block-heading\">Su\u00e9dois<\/h2>\n\n\n\n<div class=\"wp-block-columns is-layout-flex wp-container-core-columns-is-layout-9d6595d7 wp-block-columns-is-layout-flex\">\n<div class=\"wp-block-column is-vertically-aligned-center is-layout-flow wp-block-column-is-layout-flow\">\n<div class=\"wp-block-image\"><figure class=\"aligncenter\"><a href=\"https:\/\/lnu.se\/en\/research\/searchresearch\/environmental-geochemistry\/\" target=\"_blank\" rel=\"noopener\"><img decoding=\"async\" src=\"https:\/\/jobs.theguardian.com\/getasset\/5aaa4f0e-9c09-4f82-99f1-e458c8521bd9\/\" alt=\"Jobs with LINNAEUS UNIVERSITY | Guardian Jobs\"\/><\/a><\/figure><\/div>\n<\/div>\n<\/div>\n\n\n\n<hr class=\"wp-block-separator\"\/>\n\n\n\n<h2 class=\"wp-block-heading\">Fran\u00e7ais<\/h2>\n\n\n\n<div class=\"wp-block-columns are-vertically-aligned-center is-layout-flex wp-container-core-columns-is-layout-9d6595d7 wp-block-columns-is-layout-flex\">\n<div class=\"wp-block-column is-vertically-aligned-center is-layout-flow wp-block-column-is-layout-flow\">\n<div class=\"wp-block-image\"><figure class=\"aligncenter size-medium\"><a href=\"https:\/\/www.sorbonne-universite.fr\/en\" target=\"_blank\" rel=\"noopener\"><img loading=\"lazy\" decoding=\"async\" width=\"300\" height=\"121\" src=\"https:\/\/projets-istep.eu\/wp-content\/uploads\/2021\/04\/image-17-300x121.png\" alt=\"\" class=\"wp-image-51\" srcset=\"https:\/\/projets-istep.eu\/wp-content\/uploads\/2021\/04\/image-17-300x121.png 300w, https:\/\/projets-istep.eu\/wp-content\/uploads\/2021\/04\/image-17-228x92.png 228w, https:\/\/projets-istep.eu\/wp-content\/uploads\/2021\/04\/image-17.png 578w\" sizes=\"auto, (max-width: 300px) 100vw, 300px\" \/><\/a><\/figure><\/div>\n<\/div>\n\n\n\n<div class=\"wp-block-column is-vertically-aligned-center is-layout-flow wp-block-column-is-layout-flow\">\n<div class=\"wp-block-image\"><figure class=\"aligncenter size-large is-resized\"><a href=\"https:\/\/www.mnhn.fr\/en\" target=\"_blank\" rel=\"noopener\"><img loading=\"lazy\" decoding=\"async\" src=\"https:\/\/projets-istep.eu\/wp-content\/uploads\/2021\/04\/image-18.png\" alt=\"\" class=\"wp-image-52\" width=\"215\" height=\"241\" srcset=\"https:\/\/projets-istep.eu\/wp-content\/uploads\/2021\/04\/image-18.png 264w, https:\/\/projets-istep.eu\/wp-content\/uploads\/2021\/04\/image-18-103x116.png 103w\" sizes=\"auto, (max-width: 215px) 100vw, 215px\" \/><\/a><\/figure><\/div>\n<\/div>\n\n\n\n<div class=\"wp-block-column is-vertically-aligned-center is-layout-flow wp-block-column-is-layout-flow\">\n<div class=\"wp-block-image\"><figure class=\"aligncenter size-medium\"><a href=\"https:\/\/www-iuem.univ-brest.fr\/\" target=\"_blank\" rel=\"noopener\"><img loading=\"lazy\" decoding=\"async\" width=\"300\" height=\"100\" src=\"https:\/\/projets-istep.eu\/wp-content\/uploads\/2021\/04\/image-19-300x100.png\" alt=\"\" class=\"wp-image-53\" srcset=\"https:\/\/projets-istep.eu\/wp-content\/uploads\/2021\/04\/image-19-300x100.png 300w, https:\/\/projets-istep.eu\/wp-content\/uploads\/2021\/04\/image-19-228x76.png 228w, https:\/\/projets-istep.eu\/wp-content\/uploads\/2021\/04\/image-19.png 450w\" sizes=\"auto, (max-width: 300px) 100vw, 300px\" \/><\/a><\/figure><\/div>\n<\/div>\n<\/div>\n\n\n\n<div class=\"wp-block-columns are-vertically-aligned-center is-layout-flex wp-container-core-columns-is-layout-9d6595d7 wp-block-columns-is-layout-flex\">\n<div class=\"wp-block-column is-vertically-aligned-center is-layout-flow wp-block-column-is-layout-flow\">\n<div class=\"wp-block-image\"><figure class=\"aligncenter size-medium\"><a href=\"https:\/\/geoazur.oca.eu\/fr\/acc-geoazur\" target=\"_blank\" rel=\"noopener\"><img loading=\"lazy\" decoding=\"async\" width=\"300\" height=\"182\" src=\"https:\/\/projets-istep.eu\/wp-content\/uploads\/2021\/04\/image-20-300x182.png\" alt=\"\" class=\"wp-image-54\" srcset=\"https:\/\/projets-istep.eu\/wp-content\/uploads\/2021\/04\/image-20-300x182.png 300w, https:\/\/projets-istep.eu\/wp-content\/uploads\/2021\/04\/image-20-191x116.png 191w, https:\/\/projets-istep.eu\/wp-content\/uploads\/2021\/04\/image-20.png 345w\" sizes=\"auto, (max-width: 300px) 100vw, 300px\" \/><\/a><\/figure><\/div>\n<\/div>\n\n\n\n<div class=\"wp-block-column is-vertically-aligned-center is-layout-flow wp-block-column-is-layout-flow\">\n<div class=\"wp-block-image\"><figure class=\"aligncenter size-large\"><a href=\"https:\/\/www.cnrs.fr\/fr\/page-daccueil\" target=\"_blank\" rel=\"noopener\"><img loading=\"lazy\" decoding=\"async\" width=\"182\" height=\"176\" src=\"https:\/\/projets-istep.eu\/wp-content\/uploads\/2021\/04\/image-21.png\" alt=\"\" class=\"wp-image-55\" srcset=\"https:\/\/projets-istep.eu\/wp-content\/uploads\/2021\/04\/image-21.png 182w, https:\/\/projets-istep.eu\/wp-content\/uploads\/2021\/04\/image-21-120x116.png 120w\" sizes=\"auto, (max-width: 182px) 100vw, 182px\" \/><\/a><\/figure><\/div>\n<\/div>\n\n\n\n<div class=\"wp-block-column is-vertically-aligned-center is-layout-flow wp-block-column-is-layout-flow\">\n<div class=\"wp-block-image\"><figure class=\"aligncenter size-large\"><a href=\"http:\/\/www.lpsm.paris\/\" target=\"_blank\" rel=\"noopener\"><img loading=\"lazy\" decoding=\"async\" width=\"158\" height=\"80\" src=\"https:\/\/projets-istep.eu\/wp-content\/uploads\/2021\/04\/image-22.png\" alt=\"\" class=\"wp-image-56\"\/><\/a><\/figure><\/div>\n<\/div>\n<\/div>\n\n\n\n<div class=\"wp-block-columns is-layout-flex wp-container-core-columns-is-layout-9d6595d7 wp-block-columns-is-layout-flex\">\n<div class=\"wp-block-column is-layout-flow wp-block-column-is-layout-flow\" style=\"flex-basis:100%\">\n<div class=\"wp-block-columns is-layout-flex wp-container-core-columns-is-layout-9d6595d7 wp-block-columns-is-layout-flex\">\n<div class=\"wp-block-column is-vertically-aligned-center is-layout-flow wp-block-column-is-layout-flow\">\n<div class=\"wp-block-image\"><figure class=\"alignleft size-full is-resized\"><img loading=\"lazy\" decoding=\"async\" src=\"https:\/\/projets-istep.eu\/wp-content\/uploads\/2021\/10\/Logo-FOF-2021.png\" alt=\"\" class=\"wp-image-103\" width=\"291\" height=\"129\"\/><\/figure><\/div>\n<\/div>\n<\/div>\n<\/div>\n<\/div>\n\n\n\n<p><\/p>\n","protected":false},"excerpt":{"rendered":"<p>Outre l&rsquo;ISTeP Sorbonne Universit\u00e9-CNRS-INSU, le projet ANR ALBAMAR et la campagne ALBACORE de la Flotte Oc\u00e9anographique Fran\u00e7aise sollicitent de nombreux partenaires nationaux et internationaux. Les photos sont de Yevgeniya Sheremet et S. Leroy. Les textes sont de S. Leroy et Anne-Marie Duval Espagnols Marocains Su\u00e9dois Fran\u00e7ais<\/p>\n","protected":false},"author":2,"featured_media":0,"parent":0,"menu_order":0,"comment_status":"closed","ping_status":"closed","template":"","meta":{"footnotes":""},"class_list":["post-25","page","type-page","status-publish","hentry"],"_links":{"self":[{"href":"https:\/\/projets-istep.eu\/index.php?rest_route=\/wp\/v2\/pages\/25","targetHints":{"allow":["GET"]}}],"collection":[{"href":"https:\/\/projets-istep.eu\/index.php?rest_route=\/wp\/v2\/pages"}],"about":[{"href":"https:\/\/projets-istep.eu\/index.php?rest_route=\/wp\/v2\/types\/page"}],"author":[{"embeddable":true,"href":"https:\/\/projets-istep.eu\/index.php?rest_route=\/wp\/v2\/users\/2"}],"replies":[{"embeddable":true,"href":"https:\/\/projets-istep.eu\/index.php?rest_route=%2Fwp%2Fv2%2Fcomments&post=25"}],"version-history":[{"count":16,"href":"https:\/\/projets-istep.eu\/index.php?rest_route=\/wp\/v2\/pages\/25\/revisions"}],"predecessor-version":[{"id":369,"href":"https:\/\/projets-istep.eu\/index.php?rest_route=\/wp\/v2\/pages\/25\/revisions\/369"}],"wp:attachment":[{"href":"https:\/\/projets-istep.eu\/index.php?rest_route=%2Fwp%2Fv2%2Fmedia&parent=25"}],"curies":[{"name":"wp","href":"https:\/\/api.w.org\/{rel}","templated":true}]}}